{"id":18,"date":"2025-06-17T17:46:23","date_gmt":"2025-06-17T15:46:23","guid":{"rendered":"https:\/\/voyant-marabout-africain.fr\/?page_id=18"},"modified":"2025-07-06T17:10:04","modified_gmt":"2025-07-06T15:10:04","slug":"blog","status":"publish","type":"page","link":"https:\/\/voyant-marabout-africain.fr\/index.php\/blog\/","title":{"rendered":"Blog"},"content":{"rendered":"\n<div class=\"wp-block-cover alignfull\" style=\"margin-top:0;margin-bottom:0;padding-top:0px;padding-bottom:80px;min-height:300px;aspect-ratio:unset;\"><img loading=\"lazy\" decoding=\"async\" width=\"2048\" height=\"1367\" class=\"wp-block-cover__image-background wp-image-29 size-full\" alt=\"\" src=\"http:\/\/voyant-marabout-africain.fr\/wp-content\/uploads\/2025\/06\/M-Faty-voaynt-marabout-.jpg\" data-object-fit=\"cover\" srcset=\"https:\/\/voyant-marabout-africain.fr\/wp-content\/uploads\/2025\/06\/M-Faty-voaynt-marabout-.jpg 2048w, https:\/\/voyant-marabout-africain.fr\/wp-content\/uploads\/2025\/06\/M-Faty-voaynt-marabout--300x200.jpg 300w, https:\/\/voyant-marabout-africain.fr\/wp-content\/uploads\/2025\/06\/M-Faty-voaynt-marabout--1024x684.jpg 1024w, https:\/\/voyant-marabout-africain.fr\/wp-content\/uploads\/2025\/06\/M-Faty-voaynt-marabout--768x513.jpg 768w, https:\/\/voyant-marabout-africain.fr\/wp-content\/uploads\/2025\/06\/M-Faty-voaynt-marabout--1536x1025.jpg 1536w\" sizes=\"auto, (max-width: 2048px) 100vw, 2048px\" \/><span aria-hidden=\"true\" class=\"wp-block-cover__background has-background-dim-0 has-background-dim\" style=\"background-color:#e9ceb0\"><\/span><div class=\"wp-block-cover__inner-container has-global-padding is-layout-constrained wp-container-core-cover-is-layout-d4c6b484 wp-block-cover-is-layout-constrained\">\n<h1 class=\"wp-block-heading has-text-align-center has-text-color has-link-color has-suranna-font-family wp-elements-d0c24979bd48366adc01e8bad64d4312\" style=\"color:#ffffff;font-size:clamp(21.536px, 1.346rem + ((1vw - 3.2px) * 1.53), 35px);font-style:normal;font-weight:500\">Blog du Professeur Faty <\/h1>\n\n\n\n<p class=\"has-text-align-center has-text-color has-link-color has-medium-font-size wp-elements-00bfc81ccdb6dc3a345337534e568335\" style=\"color:#f2f2f2\">Votre guide spirituel au quotidien<\/p>\n<\/div><\/div>\n\n\n\n<div class=\"wp-block-group alignfull has-background has-global-padding is-layout-constrained wp-container-core-group-is-layout-87a9abd5 wp-block-group-is-layout-constrained\" style=\"background-color:#fffef7;margin-top:0;margin-bottom:0;padding-top:120px;padding-right:0;padding-bottom:120px;padding-left:0\">\n<h3 class=\"wp-block-heading has-text-align-center has-text-color\" style=\"color:#646257;font-size:clamp(31.152px, 1.947rem + ((1vw - 3.2px) * 2.71), 55px);font-style:normal;font-weight:500\">\ud83d\udd25 Articles r\u00e9cents \u00e0 ne pas manquer<\/h3>\n\n\n\n<div style=\"height:50px\" aria-hidden=\"true\" class=\"wp-block-spacer\"><\/div>\n\n\n\n<div class=\"wp-block-columns is-layout-flex wp-container-core-columns-is-layout-815bf4b8 wp-block-columns-is-layout-flex\" style=\"margin-top:0;margin-bottom:0\">\n<div class=\"wp-block-column has-border-color is-layout-flow wp-container-core-column-is-layout-ab7fc251 wp-block-column-is-layout-flow\" style=\"border-color:#646257;border-width:1px;padding-top:50px;padding-right:35px;padding-bottom:50px;padding-left:35px\">\n<p class=\"has-text-color has-ibm-plex-sans-font-family\" style=\"color:#646257;font-size:clamp(14px, 0.875rem + ((1vw - 3.2px) * 0.568), 19px);\">\ud83d\udccc <strong>Retour affectif : Comment r\u00e9cup\u00e9rer votre ex rapidement avec un rituel puissant ?<\/strong><br>D\u00e9couvrez les \u00e9tapes cl\u00e9s d\u2019un retour affectif r\u00e9ussi, les erreurs \u00e0 \u00e9viter et comment un marabout peut r\u00e9tablir les liens du c\u0153ur.<\/p>\n<\/div>\n\n\n\n<div class=\"wp-block-column has-border-color is-layout-flow wp-container-core-column-is-layout-ab7fc251 wp-block-column-is-layout-flow\" style=\"border-color:#646257;border-width:1px;padding-top:50px;padding-right:35px;padding-bottom:50px;padding-left:35px\">\n<p class=\"has-text-color has-ibm-plex-sans-font-family\" style=\"color:#646257;font-size:clamp(14px, 0.875rem + ((1vw - 3.2px) * 0.568), 19px);\">\ud83d\udccc <strong>Comment reconna\u00eetre un vrai marabout africain d\u2019un charlatan ?<\/strong><br>Un guide pour \u00e9viter les pi\u00e8ges et savoir si le marabout que vous consultez est s\u00e9rieux, comp\u00e9tent et bienveillant.<\/p>\n<\/div>\n\n\n\n<div class=\"wp-block-column has-border-color is-layout-flow wp-container-core-column-is-layout-ab7fc251 wp-block-column-is-layout-flow\" style=\"border-color:#646257;border-width:1px;padding-top:50px;padding-right:35px;padding-bottom:50px;padding-left:35px\">\n<p class=\"has-text-color has-ibm-plex-sans-font-family\" style=\"color:#646257;font-size:clamp(14px, 0.875rem + ((1vw - 3.2px) * 0.568), 19px);\">\ud83d\udccc <strong>Les signes que vous \u00eates victime d\u2019un envo\u00fbtement ou d\u2019un mauvais \u0153il<\/strong><br>Fatigue inexpliqu\u00e9e, malchance r\u00e9p\u00e9t\u00e9e, conflits dans le couple\u2026 Et si c\u2019\u00e9tait un envo\u00fbtement ? Comment s\u2019en prot\u00e9ger ?<\/p>\n<\/div>\n<\/div>\n<\/div>\n\n\n\n<div class=\"wp-block-group alignfull has-background has-global-padding is-layout-constrained wp-container-core-group-is-layout-991445f1 wp-block-group-is-layout-constrained\" style=\"background-color:#e4e2d7;margin-top:0;margin-bottom:0;padding-top:150px;padding-bottom:150px\">\n<h2 class=\"wp-block-heading has-text-align-center has-text-color\" style=\"color:#646257;font-size:clamp(18.959px, 1.185rem + ((1vw - 3.2px) * 1.255), 30px);font-style:normal;font-weight:500\">\ud83d\udca1 Vous avez une question ? Un sujet que vous aimeriez voir trait\u00e9 ?<\/h2>\n\n\n\n<h6 class=\"wp-block-heading has-text-align-center has-text-color has-ibm-plex-sans-font-family\" style=\"color:#646257;font-size:clamp(14.082px, 0.88rem + ((1vw - 3.2px) * 0.786), 21px);font-style:normal;font-weight:400;text-transform:none\">Le Professeur Faty est \u00e0 l\u2019\u00e9coute de vos pr\u00e9occupations : amour, s\u00e9paration, argent, travail, famille, blocage, malchance&#8230; Chaque th\u00e8me peut \u00eatre explor\u00e9 dans un prochain article.<\/h6>\n\n\n\n<p class=\"has-text-align-center\">\ud83d\udcec N&#8217;h\u00e9sitez pas \u00e0 envoyer votre demande via WhatsApp pour voir votre question trait\u00e9e anonymement dans un article du blog.<\/p>\n\n\n\n<div class=\"wp-block-buttons is-content-justification-center is-layout-flex wp-container-core-buttons-is-layout-a5792793 wp-block-buttons-is-layout-flex\" style=\"margin-top:50px\">\n<div class=\"wp-block-button is-style-fill\"><a class=\"wp-block-button__link has-text-color has-background has-border-color has-custom-font-size wp-element-button\" href=\"https:\/\/voyant-marabout-africain.fr\/index.php\/contact\/\" style=\"border-color:#646257;border-width:1px;border-radius:0px;color:#fffef7;background-color:#332e29;padding-top:15px;padding-right:65px;padding-bottom:15px;padding-left:65px;font-size:clamp(14px, 0.875rem + ((1vw - 3.2px) * 0.227), 16px);letter-spacing:1px;text-transform:uppercase\">Contactez-nous<\/a><\/div>\n<\/div>\n<\/div>\n\n\n\n<section class=\"wp-block-cover alignfull\" style=\"margin-top:0px;padding-top:1.01rem;padding-bottom:1.01rem;min-height:430px;aspect-ratio:unset;\"><img decoding=\"async\" class=\"wp-block-cover__image-background wp-image-766\" alt=\"\" src=\"https:\/\/tyler.com\/wp-content\/uploads\/2023\/11\/surf-banner2.jpg\" data-object-fit=\"cover\"\/><span aria-hidden=\"true\" class=\"wp-block-cover__background has-background-dim-0 has-background-dim\" style=\"background-color:#edf1f2\"><\/span><div class=\"wp-block-cover__inner-container has-global-padding is-layout-constrained wp-container-core-cover-is-layout-b1bebcb3 wp-block-cover-is-layout-constrained\">\n<div class=\"wp-block-group has-text-color is-layout-flow wp-block-group-is-layout-flow\" style=\"color:#fffffd;margin-top:0px;padding-top:0rem;padding-right:1rem;padding-bottom:0rem;padding-left:1rem;font-size:clamp(0.875rem, 0.875rem + ((1vw - 0.2rem) * 0.464), 1.13rem);font-style:normal;font-weight:400;line-height:1.4\">\n<div class=\"wp-block-group has-global-padding is-layout-constrained wp-container-core-group-is-layout-bdbfdc43 wp-block-group-is-layout-constrained\">\n<h2 class=\"wp-block-heading has-text-align-center has-text-color\" style=\"color:#fffffd;margin-bottom:0rem;font-size:clamp(0.875rem, 0.875rem + ((1vw - 0.2rem) * 0.591), 1.2rem);font-style:normal;font-weight:400;line-height:1.2\">Ce blog est un <strong>v\u00e9ritable outil de guidance spirituelle<\/strong>, mis \u00e0 jour r\u00e9guli\u00e8rement.<br>\ud83d\udccd Que vous soyez \u00e0 Paris, Marseille, Lyon, Lille, Nantes, Bordeaux, Orl\u00e9ans ou ailleurs, <strong>vous y trouverez des r\u00e9ponses, des solutions et de l\u2019espoir.<\/strong><\/h2>\n\n\n\n<p class=\"has-text-align-center\" style=\"font-size:clamp(14px, 0.875rem + ((1vw - 3.2px) * 0.227), 16px);\"><strong>Professeur Faty, marabout africain de confiance \u2013 L\u2019homme de l\u2019ultime recours.<\/strong><\/p>\n<\/div>\n\n\n\n<div class=\"wp-block-group is-vertical is-content-justification-stretch is-layout-flex wp-container-core-group-is-layout-bfdebe91 wp-block-group-is-layout-flex\" style=\"margin-top:1.81rem;padding-right:0px;padding-left:0px\">\n<div class=\"wp-block-group has-global-padding is-content-justification-center is-layout-constrained wp-container-core-group-is-layout-2f0bcb29 wp-block-group-is-layout-constrained\" style=\"margin-top:0px\">\n<div class=\"wp-block-buttons is-horizontal is-content-justification-right is-layout-flex wp-container-core-buttons-is-layout-099266fd wp-block-buttons-is-layout-flex\" style=\"margin-top:0.51rem\">\n<div class=\"wp-block-button has-custom-width wp-block-button__width-100 is-style-fill\"><a class=\"wp-block-button__link has-luminous-vivid-amber-to-luminous-vivid-orange-gradient-background has-text-color has-background has-custom-font-size wp-element-button\" href=\"https:\/\/voyant-marabout-africain.fr\/index.php\/contact\/\" style=\"border-style:none;border-width:0px;border-radius:0rem;color:#fffffd;padding-top:0.71rem;padding-right:0.31rem;padding-bottom:0.71rem;padding-left:0.31rem;font-size:clamp(0.875rem, 0.875rem + ((1vw - 0.2rem) * 0.245), 1.01rem);font-style:normal;font-weight:600;line-height:1.5;text-transform:uppercase\">cONTACTEZ-NOUS<\/a><\/div>\n<\/div>\n<\/div>\n<\/div>\n<\/div>\n<\/div><\/section>\n","protected":false},"excerpt":{"rendered":"<p>\ud83d\udd25 Articles r\u00e9cents \u00e0 ne pas manquer \ud83d\udccc Retour affectif : Comment r\u00e9cup\u00e9rer votre ex rapidement avec un rituel puissant ?D\u00e9couvrez les \u00e9tapes cl\u00e9s d\u2019un retour affectif r\u00e9ussi, les erreurs \u00e0 \u00e9viter et comment un marabout peut r\u00e9tablir les liens du c\u0153ur. \ud83d\udccc Comment reconna\u00eetre un vrai marabout africain d\u2019un charlatan ?Un guide pour \u00e9viter [&hellip;]<\/p>\n","protected":false},"author":1,"featured_media":0,"parent":0,"menu_order":0,"comment_status":"closed","ping_status":"closed","template":"","meta":{"footnotes":""},"class_list":["post-18","page","type-page","status-publish","hentry"],"yoast_head":"<!-- This site is optimized with the Yoast SEO plugin v25.3 - https:\/\/yoast.com\/wordpress\/plugins\/seo\/ -->\n<title>Blog - Professeur FATY<\/title>\n<meta name=\"robots\" content=\"index, follow, max-snippet:-1, max-image-preview:large, max-video-preview:-1\" \/>\n<link rel=\"canonical\" href=\"https:\/\/voyant-marabout-africain.fr\/index.php\/blog\/\" \/>\n<meta property=\"og:locale\" content=\"en_US\" \/>\n<meta property=\"og:type\" content=\"article\" \/>\n<meta property=\"og:title\" content=\"Blog - Professeur FATY\" \/>\n<meta property=\"og:description\" content=\"\ud83d\udd25 Articles r\u00e9cents \u00e0 ne pas manquer \ud83d\udccc Retour affectif : Comment r\u00e9cup\u00e9rer votre ex rapidement avec un rituel puissant ?D\u00e9couvrez les \u00e9tapes cl\u00e9s d\u2019un retour affectif r\u00e9ussi, les erreurs \u00e0 \u00e9viter et comment un marabout peut r\u00e9tablir les liens du c\u0153ur. \ud83d\udccc Comment reconna\u00eetre un vrai marabout africain d\u2019un charlatan ?Un guide pour \u00e9viter [&hellip;]\" \/>\n<meta property=\"og:url\" content=\"https:\/\/voyant-marabout-africain.fr\/index.php\/blog\/\" \/>\n<meta property=\"og:site_name\" content=\"Professeur FATY\" \/>\n<meta property=\"article:modified_time\" content=\"2025-07-06T15:10:04+00:00\" \/>\n<meta property=\"og:image\" content=\"http:\/\/voyant-marabout-africain.fr\/wp-content\/uploads\/2025\/06\/M-Faty-voaynt-marabout-.jpg\" \/>\n<meta name=\"twitter:card\" content=\"summary_large_image\" \/>\n<meta name=\"twitter:label1\" content=\"Est. reading time\" \/>\n\t<meta name=\"twitter:data1\" content=\"2 minutes\" \/>\n<script type=\"application\/ld+json\" class=\"yoast-schema-graph\">{\"@context\":\"https:\/\/schema.org\",\"@graph\":[{\"@type\":\"WebPage\",\"@id\":\"https:\/\/voyant-marabout-africain.fr\/index.php\/blog\/\",\"url\":\"https:\/\/voyant-marabout-africain.fr\/index.php\/blog\/\",\"name\":\"Blog - Professeur FATY\",\"isPartOf\":{\"@id\":\"https:\/\/voyant-marabout-africain.fr\/#website\"},\"primaryImageOfPage\":{\"@id\":\"https:\/\/voyant-marabout-africain.fr\/index.php\/blog\/#primaryimage\"},\"image\":{\"@id\":\"https:\/\/voyant-marabout-africain.fr\/index.php\/blog\/#primaryimage\"},\"thumbnailUrl\":\"http:\/\/voyant-marabout-africain.fr\/wp-content\/uploads\/2025\/06\/M-Faty-voaynt-marabout-.jpg\",\"datePublished\":\"2025-06-17T15:46:23+00:00\",\"dateModified\":\"2025-07-06T15:10:04+00:00\",\"breadcrumb\":{\"@id\":\"https:\/\/voyant-marabout-africain.fr\/index.php\/blog\/#breadcrumb\"},\"inLanguage\":\"en-US\",\"potentialAction\":[{\"@type\":\"ReadAction\",\"target\":[\"https:\/\/voyant-marabout-africain.fr\/index.php\/blog\/\"]}]},{\"@type\":\"ImageObject\",\"inLanguage\":\"en-US\",\"@id\":\"https:\/\/voyant-marabout-africain.fr\/index.php\/blog\/#primaryimage\",\"url\":\"https:\/\/voyant-marabout-africain.fr\/wp-content\/uploads\/2025\/06\/M-Faty-voaynt-marabout-.jpg\",\"contentUrl\":\"https:\/\/voyant-marabout-africain.fr\/wp-content\/uploads\/2025\/06\/M-Faty-voaynt-marabout-.jpg\",\"width\":2048,\"height\":1367},{\"@type\":\"BreadcrumbList\",\"@id\":\"https:\/\/voyant-marabout-africain.fr\/index.php\/blog\/#breadcrumb\",\"itemListElement\":[{\"@type\":\"ListItem\",\"position\":1,\"name\":\"Accueil\",\"item\":\"https:\/\/voyant-marabout-africain.fr\/\"},{\"@type\":\"ListItem\",\"position\":2,\"name\":\"Blog\"}]},{\"@type\":\"WebSite\",\"@id\":\"https:\/\/voyant-marabout-africain.fr\/#website\",\"url\":\"https:\/\/voyant-marabout-africain.fr\/\",\"name\":\"Professeur FATY\",\"description\":\"Un site utilisant WordPress\",\"publisher\":{\"@id\":\"https:\/\/voyant-marabout-africain.fr\/#organization\"},\"potentialAction\":[{\"@type\":\"SearchAction\",\"target\":{\"@type\":\"EntryPoint\",\"urlTemplate\":\"https:\/\/voyant-marabout-africain.fr\/?s={search_term_string}\"},\"query-input\":{\"@type\":\"PropertyValueSpecification\",\"valueRequired\":true,\"valueName\":\"search_term_string\"}}],\"inLanguage\":\"en-US\"},{\"@type\":\"Organization\",\"@id\":\"https:\/\/voyant-marabout-africain.fr\/#organization\",\"name\":\"Professeur FATY\",\"url\":\"https:\/\/voyant-marabout-africain.fr\/\",\"logo\":{\"@type\":\"ImageObject\",\"inLanguage\":\"en-US\",\"@id\":\"https:\/\/voyant-marabout-africain.fr\/#\/schema\/logo\/image\/\",\"url\":\"https:\/\/voyant-marabout-africain.fr\/wp-content\/uploads\/2025\/07\/LOGO-M-FATY.jpg\",\"contentUrl\":\"https:\/\/voyant-marabout-africain.fr\/wp-content\/uploads\/2025\/07\/LOGO-M-FATY.jpg\",\"width\":260,\"height\":260,\"caption\":\"Professeur FATY\"},\"image\":{\"@id\":\"https:\/\/voyant-marabout-africain.fr\/#\/schema\/logo\/image\/\"}}]}<\/script>\n<!-- \/ Yoast SEO plugin. -->","yoast_head_json":{"title":"Blog - Professeur FATY","robots":{"index":"index","follow":"follow","max-snippet":"max-snippet:-1","max-image-preview":"max-image-preview:large","max-video-preview":"max-video-preview:-1"},"canonical":"https:\/\/voyant-marabout-africain.fr\/index.php\/blog\/","og_locale":"en_US","og_type":"article","og_title":"Blog - Professeur FATY","og_description":"\ud83d\udd25 Articles r\u00e9cents \u00e0 ne pas manquer \ud83d\udccc Retour affectif : Comment r\u00e9cup\u00e9rer votre ex rapidement avec un rituel puissant ?D\u00e9couvrez les \u00e9tapes cl\u00e9s d\u2019un retour affectif r\u00e9ussi, les erreurs \u00e0 \u00e9viter et comment un marabout peut r\u00e9tablir les liens du c\u0153ur. \ud83d\udccc Comment reconna\u00eetre un vrai marabout africain d\u2019un charlatan ?Un guide pour \u00e9viter [&hellip;]","og_url":"https:\/\/voyant-marabout-africain.fr\/index.php\/blog\/","og_site_name":"Professeur FATY","article_modified_time":"2025-07-06T15:10:04+00:00","og_image":[{"url":"http:\/\/voyant-marabout-africain.fr\/wp-content\/uploads\/2025\/06\/M-Faty-voaynt-marabout-.jpg","type":"","width":"","height":""}],"twitter_card":"summary_large_image","twitter_misc":{"Est. reading time":"2 minutes"},"schema":{"@context":"https:\/\/schema.org","@graph":[{"@type":"WebPage","@id":"https:\/\/voyant-marabout-africain.fr\/index.php\/blog\/","url":"https:\/\/voyant-marabout-africain.fr\/index.php\/blog\/","name":"Blog - Professeur FATY","isPartOf":{"@id":"https:\/\/voyant-marabout-africain.fr\/#website"},"primaryImageOfPage":{"@id":"https:\/\/voyant-marabout-africain.fr\/index.php\/blog\/#primaryimage"},"image":{"@id":"https:\/\/voyant-marabout-africain.fr\/index.php\/blog\/#primaryimage"},"thumbnailUrl":"http:\/\/voyant-marabout-africain.fr\/wp-content\/uploads\/2025\/06\/M-Faty-voaynt-marabout-.jpg","datePublished":"2025-06-17T15:46:23+00:00","dateModified":"2025-07-06T15:10:04+00:00","breadcrumb":{"@id":"https:\/\/voyant-marabout-africain.fr\/index.php\/blog\/#breadcrumb"},"inLanguage":"en-US","potentialAction":[{"@type":"ReadAction","target":["https:\/\/voyant-marabout-africain.fr\/index.php\/blog\/"]}]},{"@type":"ImageObject","inLanguage":"en-US","@id":"https:\/\/voyant-marabout-africain.fr\/index.php\/blog\/#primaryimage","url":"https:\/\/voyant-marabout-africain.fr\/wp-content\/uploads\/2025\/06\/M-Faty-voaynt-marabout-.jpg","contentUrl":"https:\/\/voyant-marabout-africain.fr\/wp-content\/uploads\/2025\/06\/M-Faty-voaynt-marabout-.jpg","width":2048,"height":1367},{"@type":"BreadcrumbList","@id":"https:\/\/voyant-marabout-africain.fr\/index.php\/blog\/#breadcrumb","itemListElement":[{"@type":"ListItem","position":1,"name":"Accueil","item":"https:\/\/voyant-marabout-africain.fr\/"},{"@type":"ListItem","position":2,"name":"Blog"}]},{"@type":"WebSite","@id":"https:\/\/voyant-marabout-africain.fr\/#website","url":"https:\/\/voyant-marabout-africain.fr\/","name":"Professeur FATY","description":"Un site utilisant WordPress","publisher":{"@id":"https:\/\/voyant-marabout-africain.fr\/#organization"},"potentialAction":[{"@type":"SearchAction","target":{"@type":"EntryPoint","urlTemplate":"https:\/\/voyant-marabout-africain.fr\/?s={search_term_string}"},"query-input":{"@type":"PropertyValueSpecification","valueRequired":true,"valueName":"search_term_string"}}],"inLanguage":"en-US"},{"@type":"Organization","@id":"https:\/\/voyant-marabout-africain.fr\/#organization","name":"Professeur FATY","url":"https:\/\/voyant-marabout-africain.fr\/","logo":{"@type":"ImageObject","inLanguage":"en-US","@id":"https:\/\/voyant-marabout-africain.fr\/#\/schema\/logo\/image\/","url":"https:\/\/voyant-marabout-africain.fr\/wp-content\/uploads\/2025\/07\/LOGO-M-FATY.jpg","contentUrl":"https:\/\/voyant-marabout-africain.fr\/wp-content\/uploads\/2025\/07\/LOGO-M-FATY.jpg","width":260,"height":260,"caption":"Professeur FATY"},"image":{"@id":"https:\/\/voyant-marabout-africain.fr\/#\/schema\/logo\/image\/"}}]}},"_links":{"self":[{"href":"https:\/\/voyant-marabout-africain.fr\/index.php\/wp-json\/wp\/v2\/pages\/18","targetHints":{"allow":["GET"]}}],"collection":[{"href":"https:\/\/voyant-marabout-africain.fr\/index.php\/wp-json\/wp\/v2\/pages"}],"about":[{"href":"https:\/\/voyant-marabout-africain.fr\/index.php\/wp-json\/wp\/v2\/types\/page"}],"author":[{"embeddable":true,"href":"https:\/\/voyant-marabout-africain.fr\/index.php\/wp-json\/wp\/v2\/users\/1"}],"replies":[{"embeddable":true,"href":"https:\/\/voyant-marabout-africain.fr\/index.php\/wp-json\/wp\/v2\/comments?post=18"}],"version-history":[{"count":5,"href":"https:\/\/voyant-marabout-africain.fr\/index.php\/wp-json\/wp\/v2\/pages\/18\/revisions"}],"predecessor-version":[{"id":128,"href":"https:\/\/voyant-marabout-africain.fr\/index.php\/wp-json\/wp\/v2\/pages\/18\/revisions\/128"}],"wp:attachment":[{"href":"https:\/\/voyant-marabout-africain.fr\/index.php\/wp-json\/wp\/v2\/media?parent=18"}],"curies":[{"name":"wp","href":"https:\/\/api.w.org\/{rel}","templated":true}]}}