{"id":14,"date":"2025-06-17T17:42:33","date_gmt":"2025-06-17T15:42:33","guid":{"rendered":"https:\/\/voyant-marabout-africain.fr\/?page_id=14"},"modified":"2025-07-06T16:55:44","modified_gmt":"2025-07-06T14:55:44","slug":"marabout-africain","status":"publish","type":"page","link":"https:\/\/voyant-marabout-africain.fr\/index.php\/marabout-africain\/","title":{"rendered":"Marabout Africain"},"content":{"rendered":"\n<div class=\"wp-block-cover alignfull\" style=\"min-height:350px;aspect-ratio:unset;\"><img decoding=\"async\" class=\"wp-block-cover__image-background wp-image-2480\" alt=\"\" src=\"https:\/\/tyler.com\/wp-content\/uploads\/2023\/11\/View-Services-Hero-Image.jpeg\" style=\"object-position:50% 51%\" data-object-fit=\"cover\" data-object-position=\"50% 51%\"\/><span aria-hidden=\"true\" class=\"wp-block-cover__background has-background-dim\"><\/span><div class=\"wp-block-cover__inner-container has-global-padding is-layout-constrained wp-container-core-cover-is-layout-4383d167 wp-block-cover-is-layout-constrained\">\n<h2 class=\"wp-block-heading has-text-align-center has-text-color has-link-color has-suranna-font-family wp-elements-be2d1fd8e7f637ff1464dce30bd55382\" style=\"color:#ffffff;font-size:clamp(18.959px, 1.185rem + ((1vw - 3.2px) * 1.255), 30px);font-style:normal;font-weight:500\">Marabout Africain<\/h2>\n\n\n\n<p class=\"has-text-align-center\"> Professeur Faty, puissant marabout traditionnel \u00e0 Drancy en France<\/p>\n<\/div><\/div>\n\n\n\n<div class=\"wp-block-group alignfull has-global-padding is-layout-constrained wp-container-core-group-is-layout-4383d167 wp-block-group-is-layout-constrained\">\n<div class=\"wp-block-group alignwide has-global-padding is-layout-constrained wp-container-core-group-is-layout-3dead192 wp-block-group-is-layout-constrained\" style=\"margin-top:0;margin-bottom:0;padding-top:80px;padding-bottom:80px\">\n<div class=\"wp-block-columns alignwide is-layout-flex wp-container-core-columns-is-layout-9cf8123d wp-block-columns-is-layout-flex\">\n<div class=\"wp-block-column is-layout-flow wp-block-column-is-layout-flow\">\n<figure class=\"wp-block-image size-full\"><img loading=\"lazy\" decoding=\"async\" width=\"400\" height=\"266\" src=\"http:\/\/voyant-marabout-africain.fr\/wp-content\/uploads\/2025\/06\/voyance-1-.jpg\" alt=\"\" class=\"wp-image-27\" style=\"aspect-ratio:4\/3;object-fit:cover\" srcset=\"https:\/\/voyant-marabout-africain.fr\/wp-content\/uploads\/2025\/06\/voyance-1-.jpg 400w, https:\/\/voyant-marabout-africain.fr\/wp-content\/uploads\/2025\/06\/voyance-1--300x200.jpg 300w\" sizes=\"auto, (max-width: 400px) 100vw, 400px\" \/><\/figure>\n<\/div>\n\n\n\n<div class=\"wp-block-column is-vertically-aligned-center is-layout-flow wp-block-column-is-layout-flow\" style=\"padding-left:15px\">\n<h2 class=\"wp-block-heading has-text-color has-link-color has-suranna-font-family wp-elements-8766de4b828b003ac3048e102a9d2bd4\" style=\"color:#000000;font-size:clamp(16.293px, 1.018rem + ((1vw - 3.2px) * 0.989), 25px);font-style:normal;font-weight:500;line-height:1.1\">Un marabout africain authentique au service de votre vie<br><\/h2>\n\n\n\n<p class=\"has-text-color has-link-color has-outfit-font-family wp-elements-5199ebfefa48a2f14bef0ddf6676e8bf\" style=\"color:#000000;font-size:clamp(14px, 0.875rem + ((1vw - 3.2px) * 0.455), 18px);font-style:normal;font-weight:400\"><strong>Professeur Faty<\/strong> est un <strong>marabout africain puissant<\/strong>, reconnu en France et \u00e0 l&#8217;international pour son efficacit\u00e9, sa sagesse et ses r\u00e9sultats concrets. H\u00e9ritier d\u2019un savoir sacr\u00e9 transmis depuis plusieurs g\u00e9n\u00e9rations, il agit avec des rituels traditionnels africains pour r\u00e9soudre vos blocages et r\u00e9tablir l\u2019\u00e9quilibre dans votre vie.<\/p>\n\n\n\n<p class=\"has-text-color has-link-color has-outfit-font-family wp-elements-30cc7b333f012f8462bc298ece042ce4\" style=\"color:#000000;font-size:clamp(14px, 0.875rem + ((1vw - 3.2px) * 0.455), 18px);font-style:normal;font-weight:400\">Il est <strong>souvent l\u2019homme de l\u2019ultime recours<\/strong>, capable d\u2019intervenir l\u00e0 o\u00f9 d&#8217;autres ont \u00e9chou\u00e9. Que vous soyez victime de malchance, envo\u00fbt\u00e9(e), ou que vous traversiez des \u00e9preuves sentimentales ou financi\u00e8res, le Professeur Faty peut vous aider.<\/p>\n\n\n\n<div class=\"wp-block-buttons is-layout-flex wp-block-buttons-is-layout-flex\">\n<div class=\"wp-block-button\"><a class=\"wp-block-button__link has-text-color has-background has-link-color has-outfit-font-family has-custom-font-size wp-element-button\" href=\"https:\/\/voyant-marabout-africain.fr\/index.php\/contact\/\" style=\"border-radius:0px;color:#ffffff;background-color:#528d8e;padding-top:8px;padding-right:60px;padding-bottom:8px;padding-left:60px;font-size:clamp(14px, 0.875rem + ((1vw - 3.2px) * 0.455), 18px);\">Contactez-nous<\/a><\/div>\n<\/div>\n<\/div>\n<\/div>\n\n\n\n<div class=\"wp-block-columns alignwide is-layout-flex wp-container-core-columns-is-layout-f9472849 wp-block-columns-is-layout-flex\" style=\"padding-top:80px;padding-bottom:80px\">\n<div class=\"wp-block-column is-vertically-aligned-center is-layout-flow wp-block-column-is-layout-flow\" style=\"padding-right:15px\">\n<h2 class=\"wp-block-heading has-text-color has-link-color has-suranna-font-family wp-elements-7390bce332cfec588f97cc4308a3ace2\" style=\"color:#000000;font-size:clamp(16.293px, 1.018rem + ((1vw - 3.2px) * 0.989), 25px);font-style:normal;font-weight:500;line-height:1\">\ud83c\udffa Le Pouvoir du Maraboutage Africain Traditionnel<\/h2>\n\n\n\n<p class=\"has-text-color has-link-color has-outfit-font-family wp-elements-1d059d2a2878ca5746a7771a447bb856\" style=\"color:#000000;font-size:clamp(14px, 0.875rem + ((1vw - 3.2px) * 0.455), 18px);font-style:normal;font-weight:400\">La Protection Spirituelle est essentielle pour d\u00e9fendre votre bien-\u00eatre face aux \u00e9nergies n\u00e9gatives. Professeur Faty utilise des rituels ancestraux pour cr\u00e9er un bouclier puissant autour de vous. Ce produit permet de chasser les influences n\u00e9fastes et de vous apporter s\u00e9r\u00e9nit\u00e9 et s\u00e9curit\u00e9. Gr\u00e2ce \u00e0 des pri\u00e8res et des objets sacr\u00e9s, vous serez prot\u00e9g\u00e9 dans votre vie quotidienne. En investissant dans votre protection spirituelle, vous pourrez avancer sans crainte et vous concentrer sur vos r\u00eaves. Ne laissez pas les ombres vous freiner. Offrez-vous la paix d\u02bcesprit que vous m\u00e9ritez !<\/p>\n\n\n\n<div class=\"wp-block-buttons is-layout-flex wp-block-buttons-is-layout-flex\">\n<div class=\"wp-block-button\"><a class=\"wp-block-button__link has-text-color has-background has-link-color has-outfit-font-family has-custom-font-size wp-element-button\" href=\"#\" style=\"border-radius:0px;color:#ffffff;background-color:#528d8e;padding-top:8px;padding-right:60px;padding-bottom:8px;padding-left:60px;font-size:clamp(14px, 0.875rem + ((1vw - 3.2px) * 0.455), 18px);\">Appelez-nous<\/a><\/div>\n<\/div>\n<\/div>\n\n\n\n<div class=\"wp-block-column is-layout-flow wp-block-column-is-layout-flow\">\n<figure class=\"wp-block-image size-full\"><img loading=\"lazy\" decoding=\"async\" width=\"512\" height=\"382\" src=\"http:\/\/voyant-marabout-africain.fr\/wp-content\/uploads\/2025\/07\/M-Faty-voyant-marabout-africain-.jpg\" alt=\"\" class=\"wp-image-64\" style=\"aspect-ratio:4\/3;object-fit:cover\" srcset=\"https:\/\/voyant-marabout-africain.fr\/wp-content\/uploads\/2025\/07\/M-Faty-voyant-marabout-africain-.jpg 512w, https:\/\/voyant-marabout-africain.fr\/wp-content\/uploads\/2025\/07\/M-Faty-voyant-marabout-africain--300x224.jpg 300w\" sizes=\"auto, (max-width: 512px) 100vw, 512px\" \/><\/figure>\n<\/div>\n<\/div>\n\n\n\n<div class=\"wp-block-columns alignwide is-layout-flex wp-container-core-columns-is-layout-9cf8123d wp-block-columns-is-layout-flex\">\n<div class=\"wp-block-column is-layout-flow wp-block-column-is-layout-flow\">\n<figure class=\"wp-block-image size-full\"><img loading=\"lazy\" decoding=\"async\" width=\"780\" height=\"361\" src=\"http:\/\/voyant-marabout-africain.fr\/wp-content\/uploads\/2025\/07\/Professeur-faty.jpg\" alt=\"\" class=\"wp-image-67\" style=\"aspect-ratio:4\/3;object-fit:cover\" srcset=\"https:\/\/voyant-marabout-africain.fr\/wp-content\/uploads\/2025\/07\/Professeur-faty.jpg 780w, https:\/\/voyant-marabout-africain.fr\/wp-content\/uploads\/2025\/07\/Professeur-faty-300x139.jpg 300w, https:\/\/voyant-marabout-africain.fr\/wp-content\/uploads\/2025\/07\/Professeur-faty-768x355.jpg 768w\" sizes=\"auto, (max-width: 780px) 100vw, 780px\" \/><\/figure>\n<\/div>\n\n\n\n<div class=\"wp-block-column is-vertically-aligned-center is-layout-flow wp-block-column-is-layout-flow\" style=\"padding-left:15px\">\n<h2 class=\"wp-block-heading has-text-color has-link-color has-suranna-font-family wp-elements-01f9dace0de5eaa2496457d8a74b085d\" style=\"color:#000000;font-size:clamp(16.293px, 1.018rem + ((1vw - 3.2px) * 0.989), 25px);font-style:normal;font-weight:500;line-height:0.7\">Rituels et Travaux Spirituels<\/h2>\n\n\n\n<p class=\"has-text-color has-link-color has-outfit-font-family wp-elements-dc8a883b211ef8256303040bfbc6640c\" style=\"color:#000000;font-size:clamp(14px, 0.875rem + ((1vw - 3.2px) * 0.455), 18px);font-style:normal;font-weight:400\">En tant que marabout africain h\u00e9ritier d&#8217;une lign\u00e9e de gu\u00e9risseurs traditionnels, Professeur Faty ma\u00eetrise les rituels ancestraux les plus puissants pour transformer votre vie. Le maraboutage africain authentique agit sur tous les plans : spirituel, \u00e9motionnel, mat\u00e9riel et \u00e9nerg\u00e9tique.<\/p>\n\n\n\n<p>Le <strong>cabinet du Professeur Faty<\/strong> est situ\u00e9 \u00e0 Drancy (\u00cele-de-France), mais ses interventions sont possibles <strong>partout en France et dans le monde<\/strong>, gr\u00e2ce \u00e0 ses <strong>consultations \u00e0 distance efficaces via WhatsApp<\/strong>.<\/p>\n\n\n\n<div class=\"wp-block-buttons is-layout-flex wp-block-buttons-is-layout-flex\">\n<div class=\"wp-block-button\"><a class=\"wp-block-button__link has-text-color has-background has-link-color has-outfit-font-family has-custom-font-size wp-element-button\" href=\"#\" style=\"border-radius:0px;color:#ffffff;background-color:#528d8e;padding-top:8px;padding-right:60px;padding-bottom:8px;padding-left:60px;font-size:clamp(14px, 0.875rem + ((1vw - 3.2px) * 0.455), 18px);\">Demande de contact<\/a><\/div>\n<\/div>\n<\/div>\n<\/div>\n<\/div>\n<\/div>\n\n\n\n<section class=\"wp-block-cover alignfull is-light\" style=\"margin-top:0px;padding-top:1.01rem;padding-bottom:1.01rem;min-height:750px;aspect-ratio:unset;\"><img decoding=\"async\" class=\"wp-block-cover__image-background wp-image-718\" alt=\"\" src=\"https:\/\/tyler.com\/wp-content\/uploads\/2023\/11\/view-banner3.jpg\" style=\"object-position:50% 49%\" data-object-fit=\"cover\" data-object-position=\"50% 49%\"\/><span aria-hidden=\"true\" class=\"wp-block-cover__background has-background-dim-0 has-background-dim\" style=\"background-color:#edf1f2\"><\/span><div class=\"wp-block-cover__inner-container has-global-padding is-layout-constrained wp-container-core-cover-is-layout-08e95c49 wp-block-cover-is-layout-constrained\">\n<div class=\"wp-block-group is-vertical is-content-justification-center is-nowrap is-layout-flex wp-container-core-group-is-layout-36c4bdba wp-block-group-is-layout-flex\" style=\"margin-top:0px;padding-top:0rem;padding-right:1rem;padding-bottom:0rem;padding-left:1rem;font-size:clamp(0.875rem, 0.875rem + ((1vw - 0.2rem) * 0.464), 1.13rem);font-style:normal;font-weight:400;line-height:1.4\">\n<div class=\"wp-block-group has-background has-global-padding is-layout-constrained wp-container-core-group-is-layout-1a95df51 wp-block-group-is-layout-constrained\" style=\"background-color:#fffffd;padding-top:4.21rem;padding-right:2.51rem;padding-bottom:4.51rem;padding-left:2.51rem\">\n<h2 class=\"wp-block-heading has-text-align-center has-text-color\" style=\"color:#010101;margin-bottom:0rem;font-size:clamp(1.25rem, 1.25rem + ((1vw - 0.2rem) * 1.364), 2rem);font-style:normal;font-weight:400;line-height:1.2\">\ud83d\udd25 Garantie de R\u00e9sultats<\/h2>\n\n\n\n<p class=\"has-text-align-center has-text-color\" style=\"color:#010101;font-size:clamp(0.875rem, 0.875rem + ((1vw - 0.2rem) * 0.609), 1.21rem);line-height:1.5\">Mes rituels de marabout africain sont accompagn\u00e9s d&#8217;une garantie de satisfaction. Si les r\u00e9sultats ne correspondent pas \u00e0 vos attentes dans les d\u00e9lais convenus, je m&#8217;engage \u00e0 recommencer le travail sans frais suppl\u00e9mentaires<\/p>\n<\/div>\n<\/div>\n<\/div><\/section>\n","protected":false},"excerpt":{"rendered":"<p>Un marabout africain authentique au service de votre vie Professeur Faty est un marabout africain puissant, reconnu en France et \u00e0 l&#8217;international pour son efficacit\u00e9, sa sagesse et ses r\u00e9sultats concrets. H\u00e9ritier d\u2019un savoir sacr\u00e9 transmis depuis plusieurs g\u00e9n\u00e9rations, il agit avec des rituels traditionnels africains pour r\u00e9soudre vos blocages et r\u00e9tablir l\u2019\u00e9quilibre dans votre [&hellip;]<\/p>\n","protected":false},"author":1,"featured_media":0,"parent":0,"menu_order":0,"comment_status":"closed","ping_status":"closed","template":"","meta":{"footnotes":""},"class_list":["post-14","page","type-page","status-publish","hentry"],"yoast_head":"<!-- This site is optimized with the Yoast SEO plugin v25.3 - https:\/\/yoast.com\/wordpress\/plugins\/seo\/ -->\n<title>Marabout Africain - Professeur FATY<\/title>\n<meta name=\"robots\" content=\"index, follow, max-snippet:-1, max-image-preview:large, max-video-preview:-1\" \/>\n<link rel=\"canonical\" href=\"https:\/\/voyant-marabout-africain.fr\/index.php\/marabout-africain\/\" \/>\n<meta property=\"og:locale\" content=\"en_US\" \/>\n<meta property=\"og:type\" content=\"article\" \/>\n<meta property=\"og:title\" content=\"Marabout Africain - Professeur FATY\" \/>\n<meta property=\"og:description\" content=\"Un marabout africain authentique au service de votre vie Professeur Faty est un marabout africain puissant, reconnu en France et \u00e0 l&#8217;international pour son efficacit\u00e9, sa sagesse et ses r\u00e9sultats concrets. H\u00e9ritier d\u2019un savoir sacr\u00e9 transmis depuis plusieurs g\u00e9n\u00e9rations, il agit avec des rituels traditionnels africains pour r\u00e9soudre vos blocages et r\u00e9tablir l\u2019\u00e9quilibre dans votre [&hellip;]\" \/>\n<meta property=\"og:url\" content=\"https:\/\/voyant-marabout-africain.fr\/index.php\/marabout-africain\/\" \/>\n<meta property=\"og:site_name\" content=\"Professeur FATY\" \/>\n<meta property=\"article:modified_time\" content=\"2025-07-06T14:55:44+00:00\" \/>\n<meta property=\"og:image\" content=\"https:\/\/tyler.com\/wp-content\/uploads\/2023\/11\/View-Services-Hero-Image.jpeg\" \/>\n<meta name=\"twitter:card\" content=\"summary_large_image\" \/>\n<meta name=\"twitter:label1\" content=\"Est. reading time\" \/>\n\t<meta name=\"twitter:data1\" content=\"3 minutes\" \/>\n<script type=\"application\/ld+json\" class=\"yoast-schema-graph\">{\"@context\":\"https:\/\/schema.org\",\"@graph\":[{\"@type\":\"WebPage\",\"@id\":\"https:\/\/voyant-marabout-africain.fr\/index.php\/marabout-africain\/\",\"url\":\"https:\/\/voyant-marabout-africain.fr\/index.php\/marabout-africain\/\",\"name\":\"Marabout Africain - Professeur FATY\",\"isPartOf\":{\"@id\":\"https:\/\/voyant-marabout-africain.fr\/#website\"},\"primaryImageOfPage\":{\"@id\":\"https:\/\/voyant-marabout-africain.fr\/index.php\/marabout-africain\/#primaryimage\"},\"image\":{\"@id\":\"https:\/\/voyant-marabout-africain.fr\/index.php\/marabout-africain\/#primaryimage\"},\"thumbnailUrl\":\"https:\/\/tyler.com\/wp-content\/uploads\/2023\/11\/View-Services-Hero-Image.jpeg\",\"datePublished\":\"2025-06-17T15:42:33+00:00\",\"dateModified\":\"2025-07-06T14:55:44+00:00\",\"breadcrumb\":{\"@id\":\"https:\/\/voyant-marabout-africain.fr\/index.php\/marabout-africain\/#breadcrumb\"},\"inLanguage\":\"en-US\",\"potentialAction\":[{\"@type\":\"ReadAction\",\"target\":[\"https:\/\/voyant-marabout-africain.fr\/index.php\/marabout-africain\/\"]}]},{\"@type\":\"ImageObject\",\"inLanguage\":\"en-US\",\"@id\":\"https:\/\/voyant-marabout-africain.fr\/index.php\/marabout-africain\/#primaryimage\",\"url\":\"https:\/\/tyler.com\/wp-content\/uploads\/2023\/11\/View-Services-Hero-Image.jpeg\",\"contentUrl\":\"https:\/\/tyler.com\/wp-content\/uploads\/2023\/11\/View-Services-Hero-Image.jpeg\"},{\"@type\":\"BreadcrumbList\",\"@id\":\"https:\/\/voyant-marabout-africain.fr\/index.php\/marabout-africain\/#breadcrumb\",\"itemListElement\":[{\"@type\":\"ListItem\",\"position\":1,\"name\":\"Accueil\",\"item\":\"https:\/\/voyant-marabout-africain.fr\/\"},{\"@type\":\"ListItem\",\"position\":2,\"name\":\"Marabout Africain\"}]},{\"@type\":\"WebSite\",\"@id\":\"https:\/\/voyant-marabout-africain.fr\/#website\",\"url\":\"https:\/\/voyant-marabout-africain.fr\/\",\"name\":\"Professeur FATY\",\"description\":\"Un site utilisant WordPress\",\"publisher\":{\"@id\":\"https:\/\/voyant-marabout-africain.fr\/#organization\"},\"potentialAction\":[{\"@type\":\"SearchAction\",\"target\":{\"@type\":\"EntryPoint\",\"urlTemplate\":\"https:\/\/voyant-marabout-africain.fr\/?s={search_term_string}\"},\"query-input\":{\"@type\":\"PropertyValueSpecification\",\"valueRequired\":true,\"valueName\":\"search_term_string\"}}],\"inLanguage\":\"en-US\"},{\"@type\":\"Organization\",\"@id\":\"https:\/\/voyant-marabout-africain.fr\/#organization\",\"name\":\"Professeur FATY\",\"url\":\"https:\/\/voyant-marabout-africain.fr\/\",\"logo\":{\"@type\":\"ImageObject\",\"inLanguage\":\"en-US\",\"@id\":\"https:\/\/voyant-marabout-africain.fr\/#\/schema\/logo\/image\/\",\"url\":\"https:\/\/voyant-marabout-africain.fr\/wp-content\/uploads\/2025\/07\/LOGO-M-FATY.jpg\",\"contentUrl\":\"https:\/\/voyant-marabout-africain.fr\/wp-content\/uploads\/2025\/07\/LOGO-M-FATY.jpg\",\"width\":260,\"height\":260,\"caption\":\"Professeur FATY\"},\"image\":{\"@id\":\"https:\/\/voyant-marabout-africain.fr\/#\/schema\/logo\/image\/\"}}]}<\/script>\n<!-- \/ Yoast SEO plugin. -->","yoast_head_json":{"title":"Marabout Africain - Professeur FATY","robots":{"index":"index","follow":"follow","max-snippet":"max-snippet:-1","max-image-preview":"max-image-preview:large","max-video-preview":"max-video-preview:-1"},"canonical":"https:\/\/voyant-marabout-africain.fr\/index.php\/marabout-africain\/","og_locale":"en_US","og_type":"article","og_title":"Marabout Africain - Professeur FATY","og_description":"Un marabout africain authentique au service de votre vie Professeur Faty est un marabout africain puissant, reconnu en France et \u00e0 l&#8217;international pour son efficacit\u00e9, sa sagesse et ses r\u00e9sultats concrets. H\u00e9ritier d\u2019un savoir sacr\u00e9 transmis depuis plusieurs g\u00e9n\u00e9rations, il agit avec des rituels traditionnels africains pour r\u00e9soudre vos blocages et r\u00e9tablir l\u2019\u00e9quilibre dans votre [&hellip;]","og_url":"https:\/\/voyant-marabout-africain.fr\/index.php\/marabout-africain\/","og_site_name":"Professeur FATY","article_modified_time":"2025-07-06T14:55:44+00:00","og_image":[{"url":"https:\/\/tyler.com\/wp-content\/uploads\/2023\/11\/View-Services-Hero-Image.jpeg","type":"","width":"","height":""}],"twitter_card":"summary_large_image","twitter_misc":{"Est. reading time":"3 minutes"},"schema":{"@context":"https:\/\/schema.org","@graph":[{"@type":"WebPage","@id":"https:\/\/voyant-marabout-africain.fr\/index.php\/marabout-africain\/","url":"https:\/\/voyant-marabout-africain.fr\/index.php\/marabout-africain\/","name":"Marabout Africain - Professeur FATY","isPartOf":{"@id":"https:\/\/voyant-marabout-africain.fr\/#website"},"primaryImageOfPage":{"@id":"https:\/\/voyant-marabout-africain.fr\/index.php\/marabout-africain\/#primaryimage"},"image":{"@id":"https:\/\/voyant-marabout-africain.fr\/index.php\/marabout-africain\/#primaryimage"},"thumbnailUrl":"https:\/\/tyler.com\/wp-content\/uploads\/2023\/11\/View-Services-Hero-Image.jpeg","datePublished":"2025-06-17T15:42:33+00:00","dateModified":"2025-07-06T14:55:44+00:00","breadcrumb":{"@id":"https:\/\/voyant-marabout-africain.fr\/index.php\/marabout-africain\/#breadcrumb"},"inLanguage":"en-US","potentialAction":[{"@type":"ReadAction","target":["https:\/\/voyant-marabout-africain.fr\/index.php\/marabout-africain\/"]}]},{"@type":"ImageObject","inLanguage":"en-US","@id":"https:\/\/voyant-marabout-africain.fr\/index.php\/marabout-africain\/#primaryimage","url":"https:\/\/tyler.com\/wp-content\/uploads\/2023\/11\/View-Services-Hero-Image.jpeg","contentUrl":"https:\/\/tyler.com\/wp-content\/uploads\/2023\/11\/View-Services-Hero-Image.jpeg"},{"@type":"BreadcrumbList","@id":"https:\/\/voyant-marabout-africain.fr\/index.php\/marabout-africain\/#breadcrumb","itemListElement":[{"@type":"ListItem","position":1,"name":"Accueil","item":"https:\/\/voyant-marabout-africain.fr\/"},{"@type":"ListItem","position":2,"name":"Marabout Africain"}]},{"@type":"WebSite","@id":"https:\/\/voyant-marabout-africain.fr\/#website","url":"https:\/\/voyant-marabout-africain.fr\/","name":"Professeur FATY","description":"Un site utilisant WordPress","publisher":{"@id":"https:\/\/voyant-marabout-africain.fr\/#organization"},"potentialAction":[{"@type":"SearchAction","target":{"@type":"EntryPoint","urlTemplate":"https:\/\/voyant-marabout-africain.fr\/?s={search_term_string}"},"query-input":{"@type":"PropertyValueSpecification","valueRequired":true,"valueName":"search_term_string"}}],"inLanguage":"en-US"},{"@type":"Organization","@id":"https:\/\/voyant-marabout-africain.fr\/#organization","name":"Professeur FATY","url":"https:\/\/voyant-marabout-africain.fr\/","logo":{"@type":"ImageObject","inLanguage":"en-US","@id":"https:\/\/voyant-marabout-africain.fr\/#\/schema\/logo\/image\/","url":"https:\/\/voyant-marabout-africain.fr\/wp-content\/uploads\/2025\/07\/LOGO-M-FATY.jpg","contentUrl":"https:\/\/voyant-marabout-africain.fr\/wp-content\/uploads\/2025\/07\/LOGO-M-FATY.jpg","width":260,"height":260,"caption":"Professeur FATY"},"image":{"@id":"https:\/\/voyant-marabout-africain.fr\/#\/schema\/logo\/image\/"}}]}},"_links":{"self":[{"href":"https:\/\/voyant-marabout-africain.fr\/index.php\/wp-json\/wp\/v2\/pages\/14","targetHints":{"allow":["GET"]}}],"collection":[{"href":"https:\/\/voyant-marabout-africain.fr\/index.php\/wp-json\/wp\/v2\/pages"}],"about":[{"href":"https:\/\/voyant-marabout-africain.fr\/index.php\/wp-json\/wp\/v2\/types\/page"}],"author":[{"embeddable":true,"href":"https:\/\/voyant-marabout-africain.fr\/index.php\/wp-json\/wp\/v2\/users\/1"}],"replies":[{"embeddable":true,"href":"https:\/\/voyant-marabout-africain.fr\/index.php\/wp-json\/wp\/v2\/comments?post=14"}],"version-history":[{"count":5,"href":"https:\/\/voyant-marabout-africain.fr\/index.php\/wp-json\/wp\/v2\/pages\/14\/revisions"}],"predecessor-version":[{"id":116,"href":"https:\/\/voyant-marabout-africain.fr\/index.php\/wp-json\/wp\/v2\/pages\/14\/revisions\/116"}],"wp:attachment":[{"href":"https:\/\/voyant-marabout-africain.fr\/index.php\/wp-json\/wp\/v2\/media?parent=14"}],"curies":[{"name":"wp","href":"https:\/\/api.w.org\/{rel}","templated":true}]}}